{"id":9,"date":"2018-09-04T13:56:47","date_gmt":"2018-09-04T13:56:47","guid":{"rendered":"http:\/\/motni.de\/?page_id=9"},"modified":"2018-09-12T16:24:13","modified_gmt":"2018-09-12T16:24:13","slug":"schwimmen-lernen","status":"publish","type":"page","link":"https:\/\/motni.de\/?page_id=9","title":{"rendered":"Schwimmen lernen"},"content":{"rendered":"<p><strong><span style=\"color: #3366ff;\">W &#8211;<\/span> Wasser<\/strong><br \/>\n<strong><span style=\"color: #3366ff;\">A &#8211;<\/span> Aufforderung<\/strong><br \/>\n<strong><span style=\"color: #3366ff;\">S &#8211;<\/span> Spielen<\/strong><br \/>\n<strong><span style=\"color: #3366ff;\">S &#8211;<\/span> Schwimmen<\/strong><br \/>\n<strong><span style=\"color: #3366ff;\">E &#8211;<\/span> Erfahrungen<\/strong><br \/>\n<strong><span style=\"color: #3366ff;\">R &#8211;<\/span> Rituale<\/strong><\/p>\n<p><span style=\"color: #3366ff;\"><strong>WASSER<\/strong><\/span><br \/>\nIm Wasser herrscht eine h\u00f6here Dichte als an Land.<\/p>\n<p>Durch die h\u00f6here Dichte des Wassers<i>\u00a0<\/i>sind schnelle Bewegungen nur mit hohem Kraftaufwand m\u00f6glich, langsame Bewegungen dagegen gelingen verh\u00e4ltnism\u00e4\u00dfig leicht. Der Schwimmer hat durch die h\u00f6here Dichte intensiven Kontakt mit dem Wasser.<\/p>\n<p>Der Wasserdruck ist bereits unter der Wasseroberfl\u00e4che sp\u00fcrbar h\u00f6her als der Luftdruck und nimmt mit der Wassertiefe zu.<\/p>\n<p><span style=\"color: #3366ff;\"><strong>Aufforderung<\/strong><\/span><br \/>\nWasser hat einen hohen Auforderungscharakter. Kinder bewegen sich auf unterschiedlichster Weise (Alter, Entwicklungsstand) sobald sie im Wasser sind. Sie werden durch die Wasserbewegung immer wieder aufgefordert sich zu bewegen und im Gleichgewicht zu bleiben.<\/p>\n<p><strong><span style=\"color: #3366ff;\">Spielen<\/span><\/strong><br \/>\nIm Spiel lernen die Kinder neue Bewegungsmuster kennen. Die Bewegungs-Koordination im Wasser f\u00f6rdert au\u00dferdem den Gleichgewichtssinn und sch\u00e4rft die Konzentration.<\/p>\n<p><img decoding=\"async\" loading=\"lazy\" class=\"alignnone size-full wp-image-12\" src=\"http:\/\/motni.de\/wp-content\/uploads\/2018\/09\/big_23205344_0_296-254.jpg\" alt=\"\" width=\"296\" height=\"254\" \/><\/p>\n<p>Im Wasser sind Bewegungen in alle Himmelsrichtungen m\u00f6glich und spielerisch auszuprobieren.<\/p>\n<p><span style=\"color: #3366ff;\"><strong>Schwimmen<\/strong><\/span><br \/>\nWassergew\u00f6hnung &#8211; experimentieren &#8211; Erweiterung der Bewegungsmuster &#8211; schwimmen lernen<\/p>\n<p>Schwimmen lernen basiert auf dem Gesetz von Newton.<\/p>\n<p><img decoding=\"async\" loading=\"lazy\" class=\"alignnone size-full wp-image-13\" src=\"http:\/\/motni.de\/wp-content\/uploads\/2018\/09\/big_23205057_0_225-156.jpg\" alt=\"\" width=\"225\" height=\"156\" \/><\/p>\n<p>Der Schwimmer dr\u00fcckt durch die Armbewegung mit seinen H\u00e4nden das Wasser in Richtung F\u00fc\u00dfe (Aktion) und bewegt so seinen K\u00f6rper vorw\u00e4rts (Reaktion).<\/p>\n<p><strong><span style=\"color: #3366ff;\">Erfahrungen<\/span><\/strong><br \/>\nDurch die spielerisch aufgebauten Stunden, haben die Kinder die M\u00f6glichkeit viele neue Erfahrungen mit dem Element Wasser zu machen.<\/p>\n<p>Die Kinder spielen mit und im Wasser und die verschieden Spielmaterialien regen die Spielfreude und Phatasie der Kinder an. Durch positive Erfahrungen k\u00f6nnen Unsicherheiten und \u00c4ngste abgebaut werden.<\/p>\n<p>Die Kinder werden mutiger und in ihren Bewegungen sicherer.<\/p>\n<p><span style=\"color: #3366ff;\"><strong>Rituale<\/strong><\/span><br \/>\nDie Schwimmstunden haben einen festen Stundenverlauf.<\/p>\n<p>Begr\u00fc\u00dfung &#8211; Einstieg &#8211; Intensive Phase &#8211; Ausklang &#8211; Verabschiedung<\/p>\n<p>Festgelegte Abl\u00e4ufe geben HALT und SICHERHEIT.<\/p>\n","protected":false},"excerpt":{"rendered":"<p>W &#8211; Wasser A &#8211; Aufforderung S &#8211; Spielen S &#8211; Schwimmen E &#8211; Erfahrungen R &#8211; Rituale WASSER Im Wasser herrscht eine h\u00f6here Dichte als an Land. Durch die h\u00f6here Dichte des Wassers\u00a0sind schnelle Bewegungen nur mit hohem Kraftaufwand m\u00f6glich, langsame Bewegungen dagegen gelingen verh\u00e4ltnism\u00e4\u00dfig leicht. Der Schwimmer hat durch die h\u00f6here Dichte intensiven &hellip; <\/p>\n<p class=\"link-more\"><a href=\"https:\/\/motni.de\/?page_id=9\" class=\"more-link\"><span class=\"screen-reader-text\">&#8222;Schwimmen lernen&#8220;<\/span> weiterlesen<\/a><\/p>\n","protected":false},"author":1,"featured_media":0,"parent":0,"menu_order":0,"comment_status":"closed","ping_status":"closed","template":"","meta":[],"_links":{"self":[{"href":"https:\/\/motni.de\/index.php?rest_route=\/wp\/v2\/pages\/9"}],"collection":[{"href":"https:\/\/motni.de\/index.php?rest_route=\/wp\/v2\/pages"}],"about":[{"href":"https:\/\/motni.de\/index.php?rest_route=\/wp\/v2\/types\/page"}],"author":[{"embeddable":true,"href":"https:\/\/motni.de\/index.php?rest_route=\/wp\/v2\/users\/1"}],"replies":[{"embeddable":true,"href":"https:\/\/motni.de\/index.php?rest_route=%2Fwp%2Fv2%2Fcomments&post=9"}],"version-history":[{"count":4,"href":"https:\/\/motni.de\/index.php?rest_route=\/wp\/v2\/pages\/9\/revisions"}],"predecessor-version":[{"id":94,"href":"https:\/\/motni.de\/index.php?rest_route=\/wp\/v2\/pages\/9\/revisions\/94"}],"wp:attachment":[{"href":"https:\/\/motni.de\/index.php?rest_route=%2Fwp%2Fv2%2Fmedia&parent=9"}],"curies":[{"name":"wp","href":"https:\/\/api.w.org\/{rel}","templated":true}]}}