{"id":62,"date":"2018-09-05T07:57:22","date_gmt":"2018-09-05T07:57:22","guid":{"rendered":"http:\/\/motni.de\/?page_id=62"},"modified":"2018-09-14T16:22:23","modified_gmt":"2018-09-14T16:22:23","slug":"herzlich-willkommen","status":"publish","type":"page","link":"https:\/\/motni.de\/","title":{"rendered":"Herzlich willkommen"},"content":{"rendered":"\n<p>Ich hei\u00dfe <strong>Marianne Hermanns<\/strong> und bin staatlich anerkannte Motop\u00e4din sowie Erzieherin von Beruf.<\/p>\n\n\n\n<p>Seit meiner Ausbildung zur Motop\u00e4din 2008 biete ich F\u00f6rdereinheiten f\u00fcr Kinder mit Bewegungs- und Verhaltensauff\u00e4lligkeiten an.<\/p>\n\n\n\n<p>Je nach Bedarf arbeite ich mit dem Kind bzw. den Kindern in einer Gruppen- oder in einer Einzelf\u00f6rderung.<\/p>\n\n\n\n<p>Da ich es f\u00fcr wichtig ansehe, gezielt auf die einzelnen Kinder einzugehen, finden meine Gruppenkurse stets in Kleingruppen mit max. 6 Kindern statt.<\/p>\n\n\n\n<p>Neben der Arbeit \u201eauf dem Trockenen\u201c nutze ich sehr\u00a0gerne das Element Wasser.<\/p>\n\n\n\n<p>Kinder mit Defiziten werden von mir liebevoll individuell begleitet und gef\u00f6rdert.<\/p>\n\n\n\n<p>Au\u00dferdem\u00a0k\u00f6nnen Kinder in der Gruppe mit max. 4 Kindern oder alleine bei mir schwimmen lernen.<\/p>\n\n\n\n<p>Seit 2018 habe ich die Zertifizierung<br\/>Neuromotorische Entwickungsf\u00f6rderung (INPP)<\/p>\n","protected":false},"excerpt":{"rendered":"<p>Ich hei\u00dfe Marianne Hermanns und bin staatlich anerkannte Motop\u00e4din sowie Erzieherin von Beruf. Seit meiner Ausbildung zur Motop\u00e4din 2008 biete ich F\u00f6rdereinheiten f\u00fcr Kinder mit Bewegungs- und Verhaltensauff\u00e4lligkeiten an. Je nach Bedarf arbeite ich mit dem Kind bzw. den Kindern in einer Gruppen- oder in einer Einzelf\u00f6rderung. Da ich es f\u00fcr wichtig ansehe, gezielt auf &hellip; <\/p>\n<p class=\"link-more\"><a href=\"https:\/\/motni.de\/\" class=\"more-link\"><span class=\"screen-reader-text\">&#8222;Herzlich willkommen&#8220;<\/span> weiterlesen<\/a><\/p>\n","protected":false},"author":1,"featured_media":0,"parent":0,"menu_order":0,"comment_status":"closed","ping_status":"closed","template":"","meta":[],"_links":{"self":[{"href":"https:\/\/motni.de\/index.php?rest_route=\/wp\/v2\/pages\/62"}],"collection":[{"href":"https:\/\/motni.de\/index.php?rest_route=\/wp\/v2\/pages"}],"about":[{"href":"https:\/\/motni.de\/index.php?rest_route=\/wp\/v2\/types\/page"}],"author":[{"embeddable":true,"href":"https:\/\/motni.de\/index.php?rest_route=\/wp\/v2\/users\/1"}],"replies":[{"embeddable":true,"href":"https:\/\/motni.de\/index.php?rest_route=%2Fwp%2Fv2%2Fcomments&post=62"}],"version-history":[{"count":1,"href":"https:\/\/motni.de\/index.php?rest_route=\/wp\/v2\/pages\/62\/revisions"}],"predecessor-version":[{"id":64,"href":"https:\/\/motni.de\/index.php?rest_route=\/wp\/v2\/pages\/62\/revisions\/64"}],"wp:attachment":[{"href":"https:\/\/motni.de\/index.php?rest_route=%2Fwp%2Fv2%2Fmedia&parent=62"}],"curies":[{"name":"wp","href":"https:\/\/api.w.org\/{rel}","templated":true}]}}