{"id":16,"date":"2018-09-04T14:17:07","date_gmt":"2018-09-04T14:17:07","guid":{"rendered":"http:\/\/motni.de\/?page_id=16"},"modified":"2018-09-12T16:31:59","modified_gmt":"2018-09-12T16:31:59","slug":"wassertherapie","status":"publish","type":"page","link":"https:\/\/motni.de\/?page_id=16","title":{"rendered":"Wassertherapie"},"content":{"rendered":"<p><span style=\"color: #3366ff;\"><strong>Psychomotorische F\u00f6rderung im Wasser<\/strong><\/span><\/p>\n<p>Die Psychomotorik ist ein <span style=\"color: #3366ff;\">ganzheitliches<\/span> Konzept zur Entwicklungsf\u00f6rderung.<\/p>\n<p><span style=\"color: #3366ff;\">Der Mensch<\/span> wird<span style=\"color: #3366ff;\"> als Ganzes<\/span> gesehen, denn das Geistig &#8211; Seelische und das K\u00f6rperlich &#8211; Motorische stehen in enger Beziehung zueinander. <i><br \/>\n<\/i><\/p>\n<p>Die psychomotorische F\u00f6rderung hat die Aufgabe, \u00fcber Bewegungserlebnisse die <span style=\"color: #3366ff;\">Pers\u00f6nlichkeit zu stabilisieren.<\/span><\/p>\n<p>In einer F\u00f6rderstunde wird \u00fcber die St\u00e4rken des Kindes an den motorischen Schw\u00e4chen und St\u00f6rungen gearbeitet.<\/p>\n<p><img decoding=\"async\" loading=\"lazy\" class=\"alignnone size-medium wp-image-20\" src=\"http:\/\/motni.de\/wp-content\/uploads\/2018\/09\/big_23313061_0_300-201-300x201.jpg\" alt=\"\" width=\"300\" height=\"201\" \/><\/p>\n<p>Spa\u00df ist in der psychomotorischen F\u00f6rderung ein ganz wichtiger Faktor.<\/p>\n<p>Er motiviert Kinder, sich an neue Eindr\u00fccke ohne Angst heranzutasten.<\/p>\n<p>Kinder k\u00f6nnen somit von sich aus aktiv werden und begl\u00fcckende neue Erfahrungen sammeln.<\/p>\n<p><strong><span style=\"color: #3366ff;\">Warum bietet sich das Element Wasser f\u00fcr psychomotorische F\u00f6rdereinheiten an?<\/span><\/strong><\/p>\n<p>Wasser ist ein besonderer Erfahrungs- und Bewegungsraum, vor allem f\u00fcr Menschen mit Entwicklungsverz\u00f6gerungen, mit k\u00f6rperlichen oder geistigen Defiziten oder adip\u00f6se Menschen.<\/p>\n<p>Durch die Auftriebskraft des Wassers gelingt es, sich fast schwerelos zu bewegen. Der St\u00fctz- und Bewegungsapparat wird entlastet. Somit werden viele Bewegungserfahrungen m\u00f6glich, die an Land oder generell auf Grund einer Behinderung nicht realisierbar sind.<\/p>\n<p>Die st\u00e4ndige Ber\u00fchrung mit dem Wasser intensiviert die K\u00f6rperwahrnehmung. Jede Aktivit\u00e4t versetzt diese elementare Umgebung in Bewegung und tr\u00e4gt somit zur Entwicklung des K\u00f6rperschemas bei.<\/p>\n<p><span style=\"color: #3366ff;\"><b>Ein Praxisbeispiel:<\/b><\/span><\/p>\n<p><strong>F\u00f6rderstunde mit dem Ziel, schwimmen ohne Schwimmhilfen zu erlernen<\/strong><b><br \/>\n<\/b>Ben, ein neunj\u00e4hriger Junge mit einer geistigen Behinderung (Lowe-Syndrom), zeigte starkes Interesse an Musik und Rhythmus. Dieses Interesse wurde in die therapeutische Arbeit eingebunden, indem Ben`s Bewegungen rhythmisch gef\u00fchrt und mit einem Kinderlied begleitet wurden. Das permanente Sprechen\/Singen diente als Bewegungshilfe. Ben kann heute in seinem eigenen Schwimmstil schwimmen.<\/p>\n<pre><img decoding=\"async\" loading=\"lazy\" class=\"alignnone size-full wp-image-19\" src=\"http:\/\/motni.de\/wp-content\/uploads\/2018\/09\/big_23312968_0_200-134.jpg\" alt=\"\" width=\"200\" height=\"134\" \/>\nspielerische Wassererfahrung<\/pre>\n<pre><img decoding=\"async\" loading=\"lazy\" class=\"alignnone size-full wp-image-18\" src=\"http:\/\/motni.de\/wp-content\/uploads\/2018\/09\/big_23312979_0_200-134.jpg\" alt=\"\" width=\"200\" height=\"134\" \/>\nBrustbeinbewegung rhytmisch gef\u00fchrt<\/pre>\n<pre><img decoding=\"async\" loading=\"lazy\" class=\"alignnone size-full wp-image-17\" src=\"http:\/\/motni.de\/wp-content\/uploads\/2018\/09\/big_23313025_0_200-134.jpg\" alt=\"\" width=\"200\" height=\"134\" \/>\nB. schwimmt<\/pre>\n<p><strong><span style=\"color: #3366ff;\">Mit welchen Menschen wird psychomotorisch im Wasser gearbeitet?<\/span><\/strong><\/p>\n<ul type=\"disc\">\n<li>Kinder mit Entwicklungsverz\u00f6gerungen<\/li>\n<li>Kinder mit ADHS<\/li>\n<li>Menschen mit einem hypertonen oder hypotonen Muskeltonus<\/li>\n<li>Menschen mit geistigen oder k\u00f6rperlichen Einschr\u00e4nkungen<\/li>\n<li>Adip\u00f6se Menschen<\/li>\n<\/ul>\n<p><strong><span style=\"color: #3366ff;\">Ziel der psychomotorischen F\u00f6rdereinheit<\/span><\/strong><\/p>\n<ul type=\"disc\">\n<li>Verbesserung der K\u00f6rperwahrnehmung und des K\u00f6rperschemas<\/li>\n<li>Bewegungserweiterung und -erleichterung<\/li>\n<li>Anregung der Motorik<\/li>\n<li>Wahrnehmungsf\u00f6rderung<\/li>\n<li>Muskeltraining<\/li>\n<li>Ausdauerf\u00f6rderung<\/li>\n<li>Entspannung und Massage<\/li>\n<li>Spa\u00df<\/li>\n<li>sensomotorische F\u00e4higkeiten \u00fcben und verbessern<\/li>\n<li>St\u00e4rkung des Selbstvertauens<\/li>\n<li>Mobilisierung der Gelenke<\/li>\n<\/ul>\n","protected":false},"excerpt":{"rendered":"<p>Psychomotorische F\u00f6rderung im Wasser Die Psychomotorik ist ein ganzheitliches Konzept zur Entwicklungsf\u00f6rderung. Der Mensch wird als Ganzes gesehen, denn das Geistig &#8211; Seelische und das K\u00f6rperlich &#8211; Motorische stehen in enger Beziehung zueinander. Die psychomotorische F\u00f6rderung hat die Aufgabe, \u00fcber Bewegungserlebnisse die Pers\u00f6nlichkeit zu stabilisieren. In einer F\u00f6rderstunde wird \u00fcber die St\u00e4rken des Kindes an &hellip; <\/p>\n<p class=\"link-more\"><a href=\"https:\/\/motni.de\/?page_id=16\" class=\"more-link\"><span class=\"screen-reader-text\">&#8222;Wassertherapie&#8220;<\/span> weiterlesen<\/a><\/p>\n","protected":false},"author":1,"featured_media":0,"parent":0,"menu_order":0,"comment_status":"closed","ping_status":"closed","template":"","meta":[],"_links":{"self":[{"href":"https:\/\/motni.de\/index.php?rest_route=\/wp\/v2\/pages\/16"}],"collection":[{"href":"https:\/\/motni.de\/index.php?rest_route=\/wp\/v2\/pages"}],"about":[{"href":"https:\/\/motni.de\/index.php?rest_route=\/wp\/v2\/types\/page"}],"author":[{"embeddable":true,"href":"https:\/\/motni.de\/index.php?rest_route=\/wp\/v2\/users\/1"}],"replies":[{"embeddable":true,"href":"https:\/\/motni.de\/index.php?rest_route=%2Fwp%2Fv2%2Fcomments&post=16"}],"version-history":[{"count":5,"href":"https:\/\/motni.de\/index.php?rest_route=\/wp\/v2\/pages\/16\/revisions"}],"predecessor-version":[{"id":96,"href":"https:\/\/motni.de\/index.php?rest_route=\/wp\/v2\/pages\/16\/revisions\/96"}],"wp:attachment":[{"href":"https:\/\/motni.de\/index.php?rest_route=%2Fwp%2Fv2%2Fmedia&parent=16"}],"curies":[{"name":"wp","href":"https:\/\/api.w.org\/{rel}","templated":true}]}}